{"id":525,"date":"2017-06-26T21:19:37","date_gmt":"2017-06-26T19:19:37","guid":{"rendered":"https:\/\/www.bellybollyintours.fr\/?page_id=525"},"modified":"2022-08-22T12:44:37","modified_gmt":"2022-08-22T10:44:37","slug":"professeurs","status":"publish","type":"page","link":"https:\/\/www.bellybollyintours.fr\/index.php\/professeurs\/","title":{"rendered":"Professeures"},"content":{"rendered":"<h2 style=\"text-align: justify\">Sarah<\/h2>\n<h2 style=\"text-align: justify\"><img loading=\"lazy\" class=\"wp-image-553 size-medium alignleft\" src=\"https:\/\/www.bellybollyintours.fr\/wp-content\/uploads\/2017\/06\/bellybollyintours-300x300.jpg\" alt=\"\" width=\"300\" height=\"300\" \/><\/h2>\n<p>En 2003, Sarah Bardeau d\u00e9couvre la danse Bollywood sur les \u00e9crans\u2026 C&rsquo;est le coup de foudre.<\/p>\n<p>Elle se forme\u00a0 dans un premier temps \u00e0 Paris aupr\u00e8s de diff\u00e9rents chor\u00e9graphes Indiens (Karun Raman, Nidhi Metha, Nikita\u00a0Thakrar..), puis en Inde du Nord aupr\u00e8s de son professeur Rajat Duggal.\u00a0 Elle\u00a0 d\u00e9couvre et travaille diff\u00e9rents styles de danses indiennes : Bollywood Classique, Bhangra, Giddha, Gumar&#8230; et surtout le\u00a0Bollywood Moderne !!<\/p>\n<p>A partir de 2009, elle enseigne le bollywood dans diverses associations et \u00e9coles\u00a0d&rsquo;Indre et Loire, touchant un large public.<\/p>\n<p>Ses\u00a0 voyages en Inde, ses\u00a0exp\u00e9riences professionnelles comme\u00a0chor\u00e9graphe\u00a0ou danseuse\u00a0et\u00a0l&rsquo;\u00e9tude de la danse\u00a0Kathak lui\u00a0forgent\u00a0une identit\u00e9 tout aussi \u00e9clectique que la richesse des musiques bollywood.<\/p>\n<p>Forte d&rsquo;une volont\u00e9 de partager\u00a0sa passion de la culture indienne,\u00a0elle cr\u00e9e en 2013\u00a0l&rsquo;association et\u00a0la troupe\u00a0<em>Bollywood Intours<\/em>.<\/p>\n<p style=\"text-align: justify\">Elle s&rsquo;applique aujourd&rsquo;hui \u00e0 mettre en lumi\u00e8re, au sein de ses cours, l&rsquo;ensemble du groupe tout en \u00e9tant attentive \u00e0 l&rsquo;\u00e9panouissement de chacune.<\/p>\n<h2 style=\"text-align: justify\">Sophie<\/h2>\n<p style=\"text-align: justify\"><img loading=\"lazy\" class=\"wp-image-554 alignleft\" src=\"https:\/\/www.bellybollyintours.fr\/wp-content\/uploads\/2017\/06\/13524388_10208346369088930_3402031064439465398_n-200x300.jpg\" alt=\"\" width=\"300\" height=\"450\" srcset=\"https:\/\/www.bellybollyintours.fr\/wp-content\/uploads\/2017\/06\/13524388_10208346369088930_3402031064439465398_n-200x300.jpg 200w, https:\/\/www.bellybollyintours.fr\/wp-content\/uploads\/2017\/06\/13524388_10208346369088930_3402031064439465398_n.jpg 640w\" sizes=\"(max-width: 300px) 100vw, 300px\" \/><\/p>\n<p style=\"text-align: justify\">N\u00e9e d&rsquo;un p\u00e8re tunisien et d&rsquo;une m\u00e8re fran\u00e7aise, notre professeure Sophie grandit en Tunisie, impr\u00e9gn\u00e9e de la culture orientale, de la musique et de la danse. Elle s&rsquo;inscrit tr\u00e8s t\u00f4t \u00e0 des cours de Modern Jazz, mais c&rsquo;est lors d&rsquo;un mariage qu&rsquo;elle d\u00e9couvre pour la premi\u00e8re fois une danseuse orientale. Cette id\u00e9e la suit jusqu&rsquo;\u00e0 son d\u00e9part pour la France \u00e0 19 ans o\u00f9 elle prend ensuite des cours \u00e0 Tours au sein de l&rsquo;Ecole Chandra Reba.<\/p>\n<p style=\"text-align: justify\">Elle int\u00e8gre la troupe <em>Les Ailes d&rsquo;isis<\/em> en 2009 dirig\u00e9e par Chandra Reba et l&rsquo;association <em>Bollywoodintours<\/em> en 2012 dirig\u00e9e par Sarah Bardeau pour apprendre quelques notions de Bollywood.<br \/>\nDe fil en aiguille, elle donne ensuite des cours \u00e0 Tours, \u00e0 Mehun-sur-Y\u00e8vre,\u00a0 \u00e0 Azay-le-rideau et \u00e0 Notre-Dame-d&rsquo;O\u00e9. Elle intervient ensuite dans beaucoup de structures (Ecoles, associations, coll\u00e8ges, MFR, cours particuliers, etc).<\/p>\n<p style=\"text-align: justify\">Elle continue de se former aupr\u00e8s de professeurs reconnus et de ma\u00eetres \u00e9gyptiens en France, en Egypte et \u00e0 l&rsquo;\u00e9tranger.<br \/>\nEn 2016, elle monte la troupe <em>Helm El Raqs<\/em>, rassemblant\u00a0des \u00e9l\u00e8ves danseuses dans diff\u00e9rentes associations et \u00e9coles. La troupe remporte en 2018 la 3\u00e8me place au concours international du festival \u00ab\u00a0Oriental Marathon Festival\u00a0\u00bb \u00e0 Montpellier.<br \/>\nElle affectionne la modernit\u00e9, les m\u00e9langes de styles, l\u2019aspect technique et pr\u00f4ne, dans sa danse et son enseignement, le partage, la bonne humeur, l\u2019estime de soi et de la f\u00e9minit\u00e9.<\/p>\n","protected":false},"excerpt":{"rendered":"<p>Sarah En 2003, Sarah Bardeau d\u00e9couvre la danse Bollywood sur les \u00e9crans\u2026 C&rsquo;est le coup de foudre. Elle se forme\u00a0 dans un premier temps \u00e0 Paris aupr\u00e8s de diff\u00e9rents chor\u00e9graphes Indiens (Karun Raman, Nidhi Metha, Nikita\u00a0Thakrar..), puis en Inde du Nord aupr\u00e8s de son professeur Rajat Duggal.\u00a0 Elle\u00a0 d\u00e9couvre et travaille diff\u00e9rents styles de danses &hellip; <\/p>\n<p class=\"link-more\"><a href=\"https:\/\/www.bellybollyintours.fr\/index.php\/professeurs\/\" class=\"more-link\">Continuer la lecture<span class=\"screen-reader-text\"> de &laquo;&nbsp;Professeures&nbsp;&raquo;<\/span><\/a><\/p>\n","protected":false},"author":1,"featured_media":0,"parent":0,"menu_order":0,"comment_status":"closed","ping_status":"closed","template":"","meta":{"_exactmetrics_skip_tracking":false,"_exactmetrics_sitenote_active":false,"_exactmetrics_sitenote_note":"","_exactmetrics_sitenote_category":0},"_links":{"self":[{"href":"https:\/\/www.bellybollyintours.fr\/index.php\/wp-json\/wp\/v2\/pages\/525"}],"collection":[{"href":"https:\/\/www.bellybollyintours.fr\/index.php\/wp-json\/wp\/v2\/pages"}],"about":[{"href":"https:\/\/www.bellybollyintours.fr\/index.php\/wp-json\/wp\/v2\/types\/page"}],"author":[{"embeddable":true,"href":"https:\/\/www.bellybollyintours.fr\/index.php\/wp-json\/wp\/v2\/users\/1"}],"replies":[{"embeddable":true,"href":"https:\/\/www.bellybollyintours.fr\/index.php\/wp-json\/wp\/v2\/comments?post=525"}],"version-history":[{"count":5,"href":"https:\/\/www.bellybollyintours.fr\/index.php\/wp-json\/wp\/v2\/pages\/525\/revisions"}],"predecessor-version":[{"id":2356,"href":"https:\/\/www.bellybollyintours.fr\/index.php\/wp-json\/wp\/v2\/pages\/525\/revisions\/2356"}],"wp:attachment":[{"href":"https:\/\/www.bellybollyintours.fr\/index.php\/wp-json\/wp\/v2\/media?parent=525"}],"curies":[{"name":"wp","href":"https:\/\/api.w.org\/{rel}","templated":true}]}}