{"id":519,"date":"2017-06-26T21:10:23","date_gmt":"2017-06-26T19:10:23","guid":{"rendered":"https:\/\/www.bellybollyintours.fr\/?page_id=519"},"modified":"2021-12-20T16:43:13","modified_gmt":"2021-12-20T15:43:13","slug":"danse-orientale","status":"publish","type":"page","link":"https:\/\/www.bellybollyintours.fr\/index.php\/danse-orientale\/","title":{"rendered":"Danses orientales"},"content":{"rendered":"<p>Originaire d&rsquo;\u00c9gypte, les danses orientales sont surtout pr\u00e9sentes au Proche-Orient et au Maghreb.<br \/>\nElles sont traditionnellement pratiqu\u00e9es par les femmes, qui expriment par cet art leur f\u00e9minit\u00e9, leur vitalit\u00e9, mais aussi leurs sentiments, joies et peines. Il en existe plusieurs styles, d\u00e9pendant du pays d&rsquo;origine, et aussi de multiples fusions \u00e9mergentes. De fa\u00e7on g\u00e9n\u00e9rale, ces danses se caract\u00e9risent par la dissociation des parties du corps (isolations) qui peuvent bouger ind\u00e9pendamment l&rsquo;une de l&rsquo;autre. Cet art compose aussi bien avec les rythmes saccad\u00e9s que lents et fluides.<br \/>\nOn retrouve diff\u00e9rents styles : le Baladi et Shaabi (danses populaires), le Raqs Sharqi (la plus r\u00e9pandue m\u00ealant les influences modernes), les folklores (Sa\u00efdi, Fellahi, Bambouti&#8230;) et \u00e9galement les fusions (flamenco-oriental, tango-oriental, Tribal&#8230;)<br \/>\nLes danses orientales peuvent utiliser comme accessoire un voile (ou deux : double voile), des ailes d&rsquo;Isis (voile pliss\u00e9), canne (Saidi : inspir\u00e9e du raqs tahtib masculin avec des b\u00e2tons), Melaya Leff (grande \u00e9toffe s\u00e9par\u00e9e au milieu par une broderie et d\u00e9cor\u00e9e avec des paillettes dor\u00e9es ou argent\u00e9es), sagattes (castagnettes en m\u00e9tal), Shamadan (cand\u00e9labre port\u00e9 sur la t\u00eate) &#8230;<\/p>\n","protected":false},"excerpt":{"rendered":"<p>Originaire d&rsquo;\u00c9gypte, les danses orientales sont surtout pr\u00e9sentes au Proche-Orient et au Maghreb. Elles sont traditionnellement pratiqu\u00e9es par les femmes, qui expriment par cet art leur f\u00e9minit\u00e9, leur vitalit\u00e9, mais aussi leurs sentiments, joies et peines. Il en existe plusieurs styles, d\u00e9pendant du pays d&rsquo;origine, et aussi de multiples fusions \u00e9mergentes. De fa\u00e7on g\u00e9n\u00e9rale, ces &hellip; <\/p>\n<p class=\"link-more\"><a href=\"https:\/\/www.bellybollyintours.fr\/index.php\/danse-orientale\/\" class=\"more-link\">Continuer la lecture<span class=\"screen-reader-text\"> de &laquo;&nbsp;Danses orientales&nbsp;&raquo;<\/span><\/a><\/p>\n","protected":false},"author":1,"featured_media":0,"parent":0,"menu_order":0,"comment_status":"closed","ping_status":"closed","template":"","meta":{"_exactmetrics_skip_tracking":false,"_exactmetrics_sitenote_active":false,"_exactmetrics_sitenote_note":"","_exactmetrics_sitenote_category":0},"_links":{"self":[{"href":"https:\/\/www.bellybollyintours.fr\/index.php\/wp-json\/wp\/v2\/pages\/519"}],"collection":[{"href":"https:\/\/www.bellybollyintours.fr\/index.php\/wp-json\/wp\/v2\/pages"}],"about":[{"href":"https:\/\/www.bellybollyintours.fr\/index.php\/wp-json\/wp\/v2\/types\/page"}],"author":[{"embeddable":true,"href":"https:\/\/www.bellybollyintours.fr\/index.php\/wp-json\/wp\/v2\/users\/1"}],"replies":[{"embeddable":true,"href":"https:\/\/www.bellybollyintours.fr\/index.php\/wp-json\/wp\/v2\/comments?post=519"}],"version-history":[{"count":6,"href":"https:\/\/www.bellybollyintours.fr\/index.php\/wp-json\/wp\/v2\/pages\/519\/revisions"}],"predecessor-version":[{"id":2143,"href":"https:\/\/www.bellybollyintours.fr\/index.php\/wp-json\/wp\/v2\/pages\/519\/revisions\/2143"}],"wp:attachment":[{"href":"https:\/\/www.bellybollyintours.fr\/index.php\/wp-json\/wp\/v2\/media?parent=519"}],"curies":[{"name":"wp","href":"https:\/\/api.w.org\/{rel}","templated":true}]}}