{"id":516,"date":"2017-06-26T21:09:09","date_gmt":"2017-06-26T19:09:09","guid":{"rendered":"https:\/\/www.bellybollyintours.fr\/?page_id=516"},"modified":"2022-08-22T12:21:55","modified_gmt":"2022-08-22T10:21:55","slug":"bollywood","status":"publish","type":"page","link":"https:\/\/www.bellybollyintours.fr\/index.php\/bollywood\/","title":{"rendered":"Bollywood"},"content":{"rendered":"<p style=\"text-align: justify\"><img loading=\"lazy\" class=\"alignnone size-large wp-image-466\" src=\"https:\/\/www.bellybollyintours.fr\/wp-content\/uploads\/2017\/03\/IMG_2426-1024x604.jpg\" alt=\"\" width=\"525\" height=\"310\" srcset=\"https:\/\/www.bellybollyintours.fr\/wp-content\/uploads\/2017\/03\/IMG_2426-1024x604.jpg 1024w, https:\/\/www.bellybollyintours.fr\/wp-content\/uploads\/2017\/03\/IMG_2426-300x177.jpg 300w, https:\/\/www.bellybollyintours.fr\/wp-content\/uploads\/2017\/03\/IMG_2426-768x453.jpg 768w, https:\/\/www.bellybollyintours.fr\/wp-content\/uploads\/2017\/03\/IMG_2426.jpg 1191w\" sizes=\"(max-width: 525px) 100vw, 525px\" \/><\/p>\n<p style=\"text-align: justify\">Le mot \u00e9voque un univers multicolore, foisonnant, plac\u00e9 au c\u0153ur des palais somptueux de maharadjahs ou dans les paysages verdoyants de l\u2019Inde du sud. Un univers clinquant, plein de bijoux, de paillettes, dans lequel les actrices ont toujours les cheveux au vent, gr\u00e2ce \u00e0 l\u2019action discr\u00e8te des ventilateurs. Un univers o\u00f9 l\u2019on danse et l\u2019on chante pour exprimer ses sentiments dans des chor\u00e9graphies toujours plus grandioses et th\u00e9\u00e2trales.<\/p>\n<p style=\"text-align: justify\">Contraction des mots Bombay (aujourd\u2019hui Mumbai) et Hollywood, Bollywood repr\u00e9sente la plus grosse industrie cin\u00e9matographique au monde avec plus de 1200 films par an. Le mot d\u00e9signe \u00e9galement la danse issue de ces films, masala (m\u00e9lange) de danses traditionnelles et modernes, orientales et occidentales.<br \/>\nLe style Bollywood propos\u00e9 par Sarah Bardeau n\u2019est pas fait que de paillettes et d\u2019histoires d\u2019amour. Tant\u00f4t joyeux et euphorisant, tant\u00f4t sombre et troublant, il explore autant de mondes que l\u2019Inde en propose et a toujours une histoire \u00e0 raconter. Les morceaux s\u2019encha\u00eenent et la danse se fait tant\u00f4t d\u00e9licate, tant\u00f4t puissante. Danse traditionnelle indienne, danse orientale, hip hop : les styles et les influences se m\u00ealent pour cr\u00e9er un Bollywood savamment \u00e9pic\u00e9 !<\/p>\n","protected":false},"excerpt":{"rendered":"<p>Le mot \u00e9voque un univers multicolore, foisonnant, plac\u00e9 au c\u0153ur des palais somptueux de maharadjahs ou dans les paysages verdoyants de l\u2019Inde du sud. Un univers clinquant, plein de bijoux, de paillettes, dans lequel les actrices ont toujours les cheveux au vent, gr\u00e2ce \u00e0 l\u2019action discr\u00e8te des ventilateurs. Un univers o\u00f9 l\u2019on danse et l\u2019on &hellip; <\/p>\n<p class=\"link-more\"><a href=\"https:\/\/www.bellybollyintours.fr\/index.php\/bollywood\/\" class=\"more-link\">Continuer la lecture<span class=\"screen-reader-text\"> de &laquo;&nbsp;Bollywood&nbsp;&raquo;<\/span><\/a><\/p>\n","protected":false},"author":1,"featured_media":0,"parent":0,"menu_order":0,"comment_status":"closed","ping_status":"closed","template":"","meta":{"_exactmetrics_skip_tracking":false,"_exactmetrics_sitenote_active":false,"_exactmetrics_sitenote_note":"","_exactmetrics_sitenote_category":0},"_links":{"self":[{"href":"https:\/\/www.bellybollyintours.fr\/index.php\/wp-json\/wp\/v2\/pages\/516"}],"collection":[{"href":"https:\/\/www.bellybollyintours.fr\/index.php\/wp-json\/wp\/v2\/pages"}],"about":[{"href":"https:\/\/www.bellybollyintours.fr\/index.php\/wp-json\/wp\/v2\/types\/page"}],"author":[{"embeddable":true,"href":"https:\/\/www.bellybollyintours.fr\/index.php\/wp-json\/wp\/v2\/users\/1"}],"replies":[{"embeddable":true,"href":"https:\/\/www.bellybollyintours.fr\/index.php\/wp-json\/wp\/v2\/comments?post=516"}],"version-history":[{"count":4,"href":"https:\/\/www.bellybollyintours.fr\/index.php\/wp-json\/wp\/v2\/pages\/516\/revisions"}],"predecessor-version":[{"id":2354,"href":"https:\/\/www.bellybollyintours.fr\/index.php\/wp-json\/wp\/v2\/pages\/516\/revisions\/2354"}],"wp:attachment":[{"href":"https:\/\/www.bellybollyintours.fr\/index.php\/wp-json\/wp\/v2\/media?parent=516"}],"curies":[{"name":"wp","href":"https:\/\/api.w.org\/{rel}","templated":true}]}}